{"id":137,"date":"2018-04-15T22:00:59","date_gmt":"2018-04-15T20:00:59","guid":{"rendered":"http:\/\/hub.utesla.cz\/?page_id=137"},"modified":"2020-12-07T09:48:54","modified_gmt":"2020-12-07T08:48:54","slug":"partnerstvi-spoluprace","status":"publish","type":"page","link":"https:\/\/utesla.cz\/gama\/?page_id=137","title":{"rendered":"Partnertsv\u00ed a spolupr\u00e1ce"},"content":{"rendered":"<p><strong>Kunsthalle GAMA finan\u010dn\u011b podporuj\u00ed:&nbsp;<\/strong><br>Ministerstvo kultury \u010cR<\/p>\n<p>Statut\u00e1rn\u00ed m\u011bsto Pardubice<\/p>\n<p>Ministerstvo \u0161kolstv\u00ed, ml\u00e1de\u017ee a t\u011blesn\u00e9 v\u00fdchovy \u010cR<\/p>\n<p>Explosia a.s.<\/p>\n<p><strong>Kunsthalle GAMA spolupracuje s<\/strong>:<br>Fakultou chemicko-technologickou University Pardubice<\/p>\n<p>Fakultou elektrotechniky a Informatiky University Pardubice<\/p>\n<p>JHV Enginering s.r.o.&nbsp;<\/p>\n<p>Explosia a.s.<\/p>\n\n\n<p><\/p>\n","protected":false},"excerpt":{"rendered":"<p>Kunsthalle GAMA finan\u010dn\u011b podporuj\u00ed:&nbsp;Ministerstvo kultury \u010cR Statut\u00e1rn\u00ed m\u011bsto Pardubice Ministerstvo \u0161kolstv\u00ed, ml\u00e1de\u017ee a t\u011blesn\u00e9 v\u00fdchovy \u010cR Explosia a.s. Kunsthalle GAMA spolupracuje s:Fakultou chemicko-technologickou University Pardubice Fakultou elektrotechniky a Informatiky University Pardubice JHV Enginering s.r.o.&nbsp; Explosia a.s.<\/p>\n","protected":false},"author":1,"featured_media":0,"parent":0,"menu_order":0,"comment_status":"closed","ping_status":"closed","template":"","meta":{"site-sidebar-layout":"default","site-content-layout":"","ast-site-content-layout":"","site-content-style":"default","site-sidebar-style":"default","ast-global-header-display":"","ast-banner-title-visibility":"","ast-main-header-display":"","ast-hfb-above-header-display":"","ast-hfb-below-header-display":"","ast-hfb-mobile-header-display":"","site-post-title":"","ast-breadcrumbs-content":"","ast-featured-img":"","footer-sml-layout":"","theme-transparent-header-meta":"","adv-header-id-meta":"","stick-header-meta":"","header-above-stick-meta":"","header-main-stick-meta":"","header-below-stick-meta":"","astra-migrate-meta-layouts":"default","ast-page-background-enabled":"default","ast-page-background-meta":{"desktop":{"background-color":"var(--ast-global-color-4)","background-image":"","background-repeat":"repeat","background-position":"center center","background-size":"auto","background-attachment":"scroll","background-type":"","background-media":"","overlay-type":"","overlay-color":"","overlay-opacity":"","overlay-gradient":""},"tablet":{"background-color":"","background-image":"","background-repeat":"repeat","background-position":"center center","background-size":"auto","background-attachment":"scroll","background-type":"","background-media":"","overlay-type":"","overlay-color":"","overlay-opacity":"","overlay-gradient":""},"mobile":{"background-color":"","background-image":"","background-repeat":"repeat","background-position":"center center","background-size":"auto","background-attachment":"scroll","background-type":"","background-media":"","overlay-type":"","overlay-color":"","overlay-opacity":"","overlay-gradient":""}},"ast-content-background-meta":{"desktop":{"background-color":"var(--ast-global-color-5)","background-image":"","background-repeat":"repeat","background-position":"center center","background-size":"auto","background-attachment":"scroll","background-type":"","background-media":"","overlay-type":"","overlay-color":"","overlay-opacity":"","overlay-gradient":""},"tablet":{"background-color":"var(--ast-global-color-5)","background-image":"","background-repeat":"repeat","background-position":"center center","background-size":"auto","background-attachment":"scroll","background-type":"","background-media":"","overlay-type":"","overlay-color":"","overlay-opacity":"","overlay-gradient":""},"mobile":{"background-color":"var(--ast-global-color-5)","background-image":"","background-repeat":"repeat","background-position":"center center","background-size":"auto","background-attachment":"scroll","background-type":"","background-media":"","overlay-type":"","overlay-color":"","overlay-opacity":"","overlay-gradient":""}},"footnotes":""},"class_list":["post-137","page","type-page","status-publish","hentry"],"_links":{"self":[{"href":"https:\/\/utesla.cz\/gama\/index.php?rest_route=\/wp\/v2\/pages\/137","targetHints":{"allow":["GET"]}}],"collection":[{"href":"https:\/\/utesla.cz\/gama\/index.php?rest_route=\/wp\/v2\/pages"}],"about":[{"href":"https:\/\/utesla.cz\/gama\/index.php?rest_route=\/wp\/v2\/types\/page"}],"author":[{"embeddable":true,"href":"https:\/\/utesla.cz\/gama\/index.php?rest_route=\/wp\/v2\/users\/1"}],"replies":[{"embeddable":true,"href":"https:\/\/utesla.cz\/gama\/index.php?rest_route=%2Fwp%2Fv2%2Fcomments&post=137"}],"version-history":[{"count":9,"href":"https:\/\/utesla.cz\/gama\/index.php?rest_route=\/wp\/v2\/pages\/137\/revisions"}],"predecessor-version":[{"id":3547,"href":"https:\/\/utesla.cz\/gama\/index.php?rest_route=\/wp\/v2\/pages\/137\/revisions\/3547"}],"wp:attachment":[{"href":"https:\/\/utesla.cz\/gama\/index.php?rest_route=%2Fwp%2Fv2%2Fmedia&parent=137"}],"curies":[{"name":"wp","href":"https:\/\/api.w.org\/{rel}","templated":true}]}}