{"id":3312,"date":"2018-04-15T23:11:07","date_gmt":"2018-04-15T21:11:07","guid":{"rendered":"http:\/\/hub.utesla.cz\/?page_id=3312"},"modified":"2020-02-09T12:55:55","modified_gmt":"2020-02-09T11:55:55","slug":"uvod","status":"publish","type":"page","link":"https:\/\/utesla.cz\/gama\/","title":{"rendered":"Aktu\u00e1ln\u011b"},"content":{"rendered":"\t\t<div data-elementor-type=\"wp-post\" data-elementor-id=\"3312\" class=\"elementor elementor-3312 elementor-bc-flex-widget\" data-elementor-post-type=\"page\">\n\t\t\t\t\t\t<section class=\"elementor-section elementor-top-section elementor-element elementor-element-6285466 elementor-section-boxed elementor-section-height-default elementor-section-height-default\" data-id=\"6285466\" data-element_type=\"section\">\n\t\t\t\t\t\t<div class=\"elementor-container elementor-column-gap-default\">\n\t\t\t\t\t<div class=\"elementor-column elementor-col-50 elementor-top-column elementor-element elementor-element-49806cb\" data-id=\"49806cb\" data-element_type=\"column\">\n\t\t\t<div class=\"elementor-widget-wrap elementor-element-populated\">\n\t\t\t\t\t\t<div class=\"elementor-element elementor-element-17d2856 elementor-widget elementor-widget-shortcode\" data-id=\"17d2856\" data-element_type=\"widget\" data-widget_type=\"shortcode.default\">\n\t\t\t\t<div class=\"elementor-widget-container\">\n\t\t\t\t\t<div class=\"elementor-shortcode\"><iframe src=\"https:\/\/calendar.google.com\/calendar\/embed?src=amdpemu6161ua1tt7ocuq68pu8%40group.calendar.google.com&ctz=Europe%2FPrague\" style=\"border: 0\" width=\"800\" height=\"600\" frameborder=\"0\" scrolling=\"no\"><\/iframe><\/div>\n\t\t\t\t<\/div>\n\t\t\t\t<\/div>\n\t\t\t\t\t<\/div>\n\t\t<\/div>\n\t\t\t\t<div class=\"elementor-column elementor-col-50 elementor-top-column elementor-element elementor-element-dd0460d\" data-id=\"dd0460d\" data-element_type=\"column\">\n\t\t\t<div class=\"elementor-widget-wrap elementor-element-populated\">\n\t\t\t\t\t\t<div class=\"elementor-element elementor-element-2edd1e8 elementor-grid-1 elementor-posts--thumbnail-right elementor-grid-tablet-2 elementor-grid-mobile-1 elementor-widget elementor-widget-posts\" data-id=\"2edd1e8\" data-element_type=\"widget\" data-settings=\"{&quot;classic_columns&quot;:&quot;1&quot;,&quot;pagination_type&quot;:&quot;numbers&quot;,&quot;classic_columns_tablet&quot;:&quot;2&quot;,&quot;classic_columns_mobile&quot;:&quot;1&quot;,&quot;classic_row_gap&quot;:{&quot;unit&quot;:&quot;px&quot;,&quot;size&quot;:35,&quot;sizes&quot;:[]},&quot;classic_row_gap_tablet&quot;:{&quot;unit&quot;:&quot;px&quot;,&quot;size&quot;:&quot;&quot;,&quot;sizes&quot;:[]},&quot;classic_row_gap_mobile&quot;:{&quot;unit&quot;:&quot;px&quot;,&quot;size&quot;:&quot;&quot;,&quot;sizes&quot;:[]}}\" data-widget_type=\"posts.classic\">\n\t\t\t\t<div class=\"elementor-widget-container\">\n\t\t\t\t\t<div class=\"elementor-posts-container elementor-posts elementor-posts--skin-classic elementor-grid\">\n\t\t\t\t<article class=\"elementor-post elementor-grid-item post-3721 post type-post status-publish format-standard hentry category-nezarazene\">\n\t\t\t\t<div class=\"elementor-post__text\">\n\t\t\t\t<h3 class=\"elementor-post__title\">\n\t\t\t<a href=\"https:\/\/utesla.cz\/gama\/?p=3721\" >\n\t\t\t\tZveme V\u00e1s na v\u00fdstavu Explozice\t\t\t<\/a>\n\t\t<\/h3>\n\t\t\t\t<div class=\"elementor-post__meta-data\">\n\t\t\t\t\t<span class=\"elementor-post-date\">\n\t\t\t22. 8. 2025\t\t<\/span>\n\t\t\t\t<\/div>\n\t\t\t\t<div class=\"elementor-post__excerpt\">\n\t\t\t<p>Srde\u010dn\u011b V\u00e1s zveme na kreativn\u00ed a eduka\u010dn\u00ed v\u00fdstavu Ladislava Pl\u00edhala\u00a0Explozice, kter\u00e1 prob\u00edh\u00e1 od 22. 8. 2024 v prostor\u00e1ch galerie GAMA na Gymn\u00e1ziu Mozartova 449 Pardubice.<\/p>\n\t\t<\/div>\n\t\t\n\t\t<a class=\"elementor-post__read-more\" href=\"https:\/\/utesla.cz\/gama\/?p=3721\" aria-label=\"Read more about Zveme V\u00e1s na v\u00fdstavu Explozice\" tabindex=\"-1\" >\n\t\t\t\u010c\u00edst v\u00edce \u00bb\t\t<\/a>\n\n\t\t\t\t<\/div>\n\t\t\t\t<\/article>\n\t\t\t\t<article class=\"elementor-post elementor-grid-item post-3717 post type-post status-publish format-standard hentry category-nezarazene\">\n\t\t\t\t<div class=\"elementor-post__text\">\n\t\t\t\t<h3 class=\"elementor-post__title\">\n\t\t\t<a href=\"https:\/\/utesla.cz\/gama\/?p=3717\" >\n\t\t\t\tZveme V\u00e1s na v\u00fdstavu Paroboti z Pardubic\t\t\t<\/a>\n\t\t<\/h3>\n\t\t\t\t<div class=\"elementor-post__meta-data\">\n\t\t\t\t\t<span class=\"elementor-post-date\">\n\t\t\t23. 5. 2025\t\t<\/span>\n\t\t\t\t<\/div>\n\t\t\t\t<div class=\"elementor-post__excerpt\">\n\t\t\t<p>Srde\u010dn\u011b V\u00e1s zveme na kreativn\u00ed a eduka\u010dn\u00ed v\u00fdstavu Adolfa Lachmana\u00a0Paroboti z Pardubic, kter\u00e1 prob\u00edh\u00e1 od 23. 5. 2024 v prostor\u00e1ch galerie GAMA na Gymn\u00e1ziu Mozartova<\/p>\n\t\t<\/div>\n\t\t\n\t\t<a class=\"elementor-post__read-more\" href=\"https:\/\/utesla.cz\/gama\/?p=3717\" aria-label=\"Read more about Zveme V\u00e1s na v\u00fdstavu Paroboti z Pardubic\" tabindex=\"-1\" >\n\t\t\t\u010c\u00edst v\u00edce \u00bb\t\t<\/a>\n\n\t\t\t\t<\/div>\n\t\t\t\t<\/article>\n\t\t\t\t<article class=\"elementor-post elementor-grid-item post-3697 post type-post status-publish format-standard has-post-thumbnail hentry category-nezarazene\">\n\t\t\t\t<a class=\"elementor-post__thumbnail__link\" href=\"https:\/\/utesla.cz\/gama\/?p=3697\" tabindex=\"-1\" >\n\t\t\t<div class=\"elementor-post__thumbnail\"><img fetchpriority=\"high\" decoding=\"async\" width=\"300\" height=\"298\" src=\"https:\/\/utesla.cz\/gama\/wp-content\/uploads\/2024\/11\/WhatsApp-Image-2025-01-05-at-4.10.01-PM-300x298.jpeg\" class=\"attachment-medium size-medium wp-image-3700\" alt=\"\" srcset=\"https:\/\/utesla.cz\/gama\/wp-content\/uploads\/2024\/11\/WhatsApp-Image-2025-01-05-at-4.10.01-PM-300x298.jpeg 300w, https:\/\/utesla.cz\/gama\/wp-content\/uploads\/2024\/11\/WhatsApp-Image-2025-01-05-at-4.10.01-PM-150x150.jpeg 150w, https:\/\/utesla.cz\/gama\/wp-content\/uploads\/2024\/11\/WhatsApp-Image-2025-01-05-at-4.10.01-PM-768x764.jpeg 768w, https:\/\/utesla.cz\/gama\/wp-content\/uploads\/2024\/11\/WhatsApp-Image-2025-01-05-at-4.10.01-PM.jpeg 969w\" sizes=\"(max-width: 300px) 100vw, 300px\" \/><\/div>\n\t\t<\/a>\n\t\t\t\t<div class=\"elementor-post__text\">\n\t\t\t\t<h3 class=\"elementor-post__title\">\n\t\t\t<a href=\"https:\/\/utesla.cz\/gama\/?p=3697\" >\n\t\t\t\tZveme V\u00e1s na v\u00fdstavu \u010c\u00e1sticov\u00e1 hore\u010dka Vladany Hajnov\u00e9\t\t\t<\/a>\n\t\t<\/h3>\n\t\t\t\t<div class=\"elementor-post__meta-data\">\n\t\t\t\t\t<span class=\"elementor-post-date\">\n\t\t\t25. 11. 2024\t\t<\/span>\n\t\t\t\t<\/div>\n\t\t\t\t<div class=\"elementor-post__excerpt\">\n\t\t\t<p>Srde\u010dn\u011b V\u00e1s zveme na kreativn\u00ed a motiva\u010dn\u00ed v\u00fdstavu \u010c\u00c1STICOV\u00c1 HORE\u010cKA Vladany Hajnov\u00e9, kter\u00e1 prob\u00edh\u00e1 od 25. 11. 2024 v prostor\u00e1ch galerie GAMA na Gymn\u00e1ziu Mozartova<\/p>\n\t\t<\/div>\n\t\t\n\t\t<a class=\"elementor-post__read-more\" href=\"https:\/\/utesla.cz\/gama\/?p=3697\" aria-label=\"Read more about Zveme V\u00e1s na v\u00fdstavu \u010c\u00e1sticov\u00e1 hore\u010dka Vladany Hajnov\u00e9\" tabindex=\"-1\" >\n\t\t\t\u010c\u00edst v\u00edce \u00bb\t\t<\/a>\n\n\t\t\t\t<\/div>\n\t\t\t\t<\/article>\n\t\t\t\t<article class=\"elementor-post elementor-grid-item post-3701 post type-post status-publish format-standard has-post-thumbnail hentry category-nezarazene\">\n\t\t\t\t<a class=\"elementor-post__thumbnail__link\" href=\"https:\/\/utesla.cz\/gama\/?p=3701\" tabindex=\"-1\" >\n\t\t\t<div class=\"elementor-post__thumbnail\"><img decoding=\"async\" width=\"300\" height=\"211\" src=\"https:\/\/utesla.cz\/gama\/wp-content\/uploads\/2024\/11\/WhatsApp-Image-2025-01-05-at-4.17.14-PM-300x211.jpeg\" class=\"attachment-medium size-medium wp-image-3704\" alt=\"\" srcset=\"https:\/\/utesla.cz\/gama\/wp-content\/uploads\/2024\/11\/WhatsApp-Image-2025-01-05-at-4.17.14-PM-300x211.jpeg 300w, https:\/\/utesla.cz\/gama\/wp-content\/uploads\/2024\/11\/WhatsApp-Image-2025-01-05-at-4.17.14-PM-1024x719.jpeg 1024w, https:\/\/utesla.cz\/gama\/wp-content\/uploads\/2024\/11\/WhatsApp-Image-2025-01-05-at-4.17.14-PM-768x540.jpeg 768w, https:\/\/utesla.cz\/gama\/wp-content\/uploads\/2024\/11\/WhatsApp-Image-2025-01-05-at-4.17.14-PM.jpeg 1372w\" sizes=\"(max-width: 300px) 100vw, 300px\" \/><\/div>\n\t\t<\/a>\n\t\t\t\t<div class=\"elementor-post__text\">\n\t\t\t\t<h3 class=\"elementor-post__title\">\n\t\t\t<a href=\"https:\/\/utesla.cz\/gama\/?p=3701\" >\n\t\t\t\tZveme V\u00e1s na v\u00fdstavu \u010c\u00e1sticov\u00e1 hore\u010dka Jaroslava Jebav\u00e9ho\t\t\t<\/a>\n\t\t<\/h3>\n\t\t\t\t<div class=\"elementor-post__meta-data\">\n\t\t\t\t\t<span class=\"elementor-post-date\">\n\t\t\t18. 11. 2024\t\t<\/span>\n\t\t\t\t<\/div>\n\t\t\t\t<div class=\"elementor-post__excerpt\">\n\t\t\t<p>Srde\u010dn\u011b V\u00e1s zveme na kreativn\u00ed a motiva\u010dn\u00ed v\u00fdstavu \u010c\u00c1STICOV\u00c1 HORE\u010cKA Jaroslava Jebav\u00e9ho, , kter\u00e1 prob\u00edh\u00e1 od 18. 11. 2024 v prostor\u00e1ch galerie GAMA na Gymn\u00e1ziu<\/p>\n\t\t<\/div>\n\t\t\n\t\t<a class=\"elementor-post__read-more\" href=\"https:\/\/utesla.cz\/gama\/?p=3701\" aria-label=\"Read more about Zveme V\u00e1s na v\u00fdstavu \u010c\u00e1sticov\u00e1 hore\u010dka Jaroslava Jebav\u00e9ho\" tabindex=\"-1\" >\n\t\t\t\u010c\u00edst v\u00edce \u00bb\t\t<\/a>\n\n\t\t\t\t<\/div>\n\t\t\t\t<\/article>\n\t\t\t\t<\/div>\n\t\t\n\t\t\t\t<div class=\"e-load-more-anchor\" data-page=\"1\" data-max-page=\"36\" data-next-page=\"https:\/\/utesla.cz\/gama\/index.php?rest_route=%2Fwp%2Fv2%2Fpages%2F3312&#038;paged=2\"><\/div>\n\t\t\t\t<nav class=\"elementor-pagination\" aria-label=\"Pagination\">\n\t\t\t<span aria-current=\"page\" class=\"page-numbers current\"><span class=\"elementor-screen-only\">Page<\/span>1<\/span>\n<a class=\"page-numbers\" href=\"https:\/\/utesla.cz\/gama\/index.php\/?paged=2\"><span class=\"elementor-screen-only\">Page<\/span>2<\/a>\n<a class=\"page-numbers\" href=\"https:\/\/utesla.cz\/gama\/index.php\/?paged=3\"><span class=\"elementor-screen-only\">Page<\/span>3<\/a>\n<span class=\"page-numbers dots\">&hellip;<\/span>\n<a class=\"page-numbers\" href=\"https:\/\/utesla.cz\/gama\/index.php\/?paged=5\"><span class=\"elementor-screen-only\">Page<\/span>5<\/a>\t\t<\/nav>\n\t\t\t\t<\/div>\n\t\t\t\t<\/div>\n\t\t\t\t\t<\/div>\n\t\t<\/div>\n\t\t\t\t\t<\/div>\n\t\t<\/section>\n\t\t\t\t<section class=\"elementor-section elementor-top-section elementor-element elementor-element-1b61e7d elementor-section-boxed elementor-section-height-default elementor-section-height-default\" data-id=\"1b61e7d\" data-element_type=\"section\">\n\t\t\t\t\t\t<div class=\"elementor-container elementor-column-gap-default\">\n\t\t\t\t\t<div class=\"elementor-column elementor-col-50 elementor-top-column elementor-element elementor-element-719128e\" data-id=\"719128e\" data-element_type=\"column\">\n\t\t\t<div class=\"elementor-widget-wrap\">\n\t\t\t\t\t\t\t<\/div>\n\t\t<\/div>\n\t\t\t\t<div class=\"elementor-column elementor-col-50 elementor-top-column elementor-element elementor-element-50b70a4\" data-id=\"50b70a4\" data-element_type=\"column\">\n\t\t\t<div class=\"elementor-widget-wrap\">\n\t\t\t\t\t\t\t<\/div>\n\t\t<\/div>\n\t\t\t\t\t<\/div>\n\t\t<\/section>\n\t\t\t\t<\/div>\n\t\t","protected":false},"excerpt":{"rendered":"<p>Co n\u00e1s \u010dek\u00e1 v Academy 21? 26. 11. 2017 Jak\u00e9 akce n\u00e1s \u010dekaj\u00ed v nejbli\u017e\u0161\u00ed dob\u011b? N\u00ed\u017ee naleznete jejich stru\u010dn\u00fd p\u0159ehled: Chemick\u00e1 laborato\u0159 Jaroslava Heyrovsk\u00e9ho (st\u0159eda 29. 11., 9:00-13:00, Open Science Hub): Objevte z\u00e1bavn\u00e1 \u010c\u00edst v\u00edce \u00bb Stavba nanosatelitu za\u010d\u00edn\u00e1! 15. 11. 2017 Je n\u00e1m ct\u00ed ozn\u00e1mit, \u017ee v r\u00e1mci vzd\u011bl\u00e1vac\u00edho programu Academy 21 podpo\u0159\u00edme [&hellip;]<\/p>\n","protected":false},"author":1,"featured_media":0,"parent":0,"menu_order":0,"comment_status":"closed","ping_status":"closed","template":"","meta":{"site-sidebar-layout":"default","site-content-layout":"","ast-site-content-layout":"","site-content-style":"default","site-sidebar-style":"default","ast-global-header-display":"","ast-banner-title-visibility":"","ast-main-header-display":"","ast-hfb-above-header-display":"","ast-hfb-below-header-display":"","ast-hfb-mobile-header-display":"","site-post-title":"","ast-breadcrumbs-content":"","ast-featured-img":"","footer-sml-layout":"","theme-transparent-header-meta":"","adv-header-id-meta":"","stick-header-meta":"","header-above-stick-meta":"","header-main-stick-meta":"","header-below-stick-meta":"","astra-migrate-meta-layouts":"default","ast-page-background-enabled":"default","ast-page-background-meta":{"desktop":{"background-color":"var(--ast-global-color-4)","background-image":"","background-repeat":"repeat","background-position":"center center","background-size":"auto","background-attachment":"scroll","background-type":"","background-media":"","overlay-type":"","overlay-color":"","overlay-opacity":"","overlay-gradient":""},"tablet":{"background-color":"","background-image":"","background-repeat":"repeat","background-position":"center center","background-size":"auto","background-attachment":"scroll","background-type":"","background-media":"","overlay-type":"","overlay-color":"","overlay-opacity":"","overlay-gradient":""},"mobile":{"background-color":"","background-image":"","background-repeat":"repeat","background-position":"center center","background-size":"auto","background-attachment":"scroll","background-type":"","background-media":"","overlay-type":"","overlay-color":"","overlay-opacity":"","overlay-gradient":""}},"ast-content-background-meta":{"desktop":{"background-color":"var(--ast-global-color-5)","background-image":"","background-repeat":"repeat","background-position":"center center","background-size":"auto","background-attachment":"scroll","background-type":"","background-media":"","overlay-type":"","overlay-color":"","overlay-opacity":"","overlay-gradient":""},"tablet":{"background-color":"var(--ast-global-color-5)","background-image":"","background-repeat":"repeat","background-position":"center center","background-size":"auto","background-attachment":"scroll","background-type":"","background-media":"","overlay-type":"","overlay-color":"","overlay-opacity":"","overlay-gradient":""},"mobile":{"background-color":"var(--ast-global-color-5)","background-image":"","background-repeat":"repeat","background-position":"center center","background-size":"auto","background-attachment":"scroll","background-type":"","background-media":"","overlay-type":"","overlay-color":"","overlay-opacity":"","overlay-gradient":""}},"footnotes":""},"class_list":["post-3312","page","type-page","status-publish","hentry"],"_links":{"self":[{"href":"https:\/\/utesla.cz\/gama\/index.php?rest_route=\/wp\/v2\/pages\/3312","targetHints":{"allow":["GET"]}}],"collection":[{"href":"https:\/\/utesla.cz\/gama\/index.php?rest_route=\/wp\/v2\/pages"}],"about":[{"href":"https:\/\/utesla.cz\/gama\/index.php?rest_route=\/wp\/v2\/types\/page"}],"author":[{"embeddable":true,"href":"https:\/\/utesla.cz\/gama\/index.php?rest_route=\/wp\/v2\/users\/1"}],"replies":[{"embeddable":true,"href":"https:\/\/utesla.cz\/gama\/index.php?rest_route=%2Fwp%2Fv2%2Fcomments&post=3312"}],"version-history":[{"count":10,"href":"https:\/\/utesla.cz\/gama\/index.php?rest_route=\/wp\/v2\/pages\/3312\/revisions"}],"predecessor-version":[{"id":3437,"href":"https:\/\/utesla.cz\/gama\/index.php?rest_route=\/wp\/v2\/pages\/3312\/revisions\/3437"}],"wp:attachment":[{"href":"https:\/\/utesla.cz\/gama\/index.php?rest_route=%2Fwp%2Fv2%2Fmedia&parent=3312"}],"curies":[{"name":"wp","href":"https:\/\/api.w.org\/{rel}","templated":true}]}}